{"id":42,"date":"2024-05-15T07:35:30","date_gmt":"2024-05-15T07:35:30","guid":{"rendered":"http:\/\/www.ozakpanometal.com.tr\/?page_id=42"},"modified":"2024-05-15T07:35:44","modified_gmt":"2024-05-15T07:35:44","slug":"kurumsal","status":"publish","type":"page","link":"https:\/\/www.ozakpanometal.com.tr\/index.php\/kurumsal\/","title":{"rendered":"Kurumsal"},"content":{"rendered":"\n<p>&#8220;G\u00fcn\u00fcm\u00fcz end\u00fcstriyel d\u00fcnyas\u0131nda, verimlilik ve g\u00fcvenilirlik her zamankinden daha \u00f6nemlidir. Firmam\u0131z, end\u00fcstriyel pano imalat\u0131nda yeni bir \u00e7a\u011f\u0131n \u00f6nc\u00fcs\u00fcd\u00fcr. \u0130novatif teknoloji ve uzmanl\u0131kla donanm\u0131\u015f ekibimiz, m\u00fc\u015fterilerimize \u00f6zelle\u015ftirilmi\u015f \u00e7\u00f6z\u00fcmler sunmak i\u00e7in s\u00fcrekli olarak \u00e7al\u0131\u015fmaktad\u0131r.<\/p>\n\n\n\n<p>Y\u00fcksek kaliteli malzemeler ve ileri CNC i\u015fleme teknikleriyle, her pano en y\u00fcksek standartlarda \u00fcretilir. M\u00fc\u015fterilerimizin ihtiya\u00e7lar\u0131na uygun olarak tasarlanan panolar\u0131m\u0131z, end\u00fcstriyel tesislerin verimlili\u011fini art\u0131rmak ve g\u00fcvenilirliklerini sa\u011flamak i\u00e7in idealdir.<\/p>\n\n\n\n<p>Firmam\u0131z, sadece \u00fcr\u00fcnlerimizle de\u011fil, ayn\u0131 zamanda m\u00fc\u015fteri odakl\u0131 yakla\u015f\u0131m\u0131m\u0131zla da fark yarat\u0131r\u0131z. Her ad\u0131mda m\u00fc\u015fterilerimizin ihtiya\u00e7lar\u0131n\u0131 ve beklentilerini g\u00f6z \u00f6n\u00fcnde bulundurarak, \u00e7\u00f6z\u00fcmlerimizi s\u00fcrekli olarak geli\u015ftiririz.<\/p>\n\n\n\n<p>Gelece\u011fin end\u00fcstriyel pano ihtiya\u00e7lar\u0131n\u0131 kar\u015f\u0131lamak i\u00e7in, s\u00fcrekli olarak yenilik ve geli\u015fime odaklan\u0131yoruz. M\u00fc\u015fterilerimize daha g\u00fcvenilir, daha verimli ve daha ak\u0131ll\u0131 \u00e7\u00f6z\u00fcmler sunarak, end\u00fcstrideki lider konumumuzu s\u00fcrd\u00fcrmeye kararl\u0131y\u0131z.&#8221;<\/p>\n","protected":false},"excerpt":{"rendered":"<p>&#8220;G\u00fcn\u00fcm\u00fcz end\u00fcstriyel d\u00fcnyas\u0131nda, verimlilik ve g\u00fcvenilirlik her zamankinden daha \u00f6nemlidir. Firmam\u0131z, end\u00fcstriyel pano imalat\u0131nda yeni bir \u00e7a\u011f\u0131n \u00f6nc\u00fcs\u00fcd\u00fcr. \u0130novatif teknoloji ve uzmanl\u0131kla donanm\u0131\u015f ekibimiz, m\u00fc\u015fterilerimize \u00f6zelle\u015ftirilmi\u015f \u00e7\u00f6z\u00fcmler sunmak i\u00e7in s\u00fcrekli olarak \u00e7al\u0131\u015fmaktad\u0131r. Y\u00fcksek kaliteli malzemeler ve ileri CNC i\u015fleme teknikleriyle, her pano en y\u00fcksek standartlarda \u00fcretilir. M\u00fc\u015fterilerimizin ihtiya\u00e7lar\u0131na uygun olarak tasarlanan panolar\u0131m\u0131z, end\u00fcstriyel tesislerin verimlili\u011fini [&hellip;]<\/p>\n","protected":false},"author":1,"featured_media":0,"parent":0,"menu_order":2,"comment_status":"closed","ping_status":"closed","template":"","meta":{"footnotes":""},"_links":{"self":[{"href":"https:\/\/www.ozakpanometal.com.tr\/index.php\/wp-json\/wp\/v2\/pages\/42"}],"collection":[{"href":"https:\/\/www.ozakpanometal.com.tr\/index.php\/wp-json\/wp\/v2\/pages"}],"about":[{"href":"https:\/\/www.ozakpanometal.com.tr\/index.php\/wp-json\/wp\/v2\/types\/page"}],"author":[{"embeddable":true,"href":"https:\/\/www.ozakpanometal.com.tr\/index.php\/wp-json\/wp\/v2\/users\/1"}],"replies":[{"embeddable":true,"href":"https:\/\/www.ozakpanometal.com.tr\/index.php\/wp-json\/wp\/v2\/comments?post=42"}],"version-history":[{"count":1,"href":"https:\/\/www.ozakpanometal.com.tr\/index.php\/wp-json\/wp\/v2\/pages\/42\/revisions"}],"predecessor-version":[{"id":43,"href":"https:\/\/www.ozakpanometal.com.tr\/index.php\/wp-json\/wp\/v2\/pages\/42\/revisions\/43"}],"wp:attachment":[{"href":"https:\/\/www.ozakpanometal.com.tr\/index.php\/wp-json\/wp\/v2\/media?parent=42"}],"curies":[{"name":"wp","href":"https:\/\/api.w.org\/{rel}","templated":true}]}}